{"id":14650,"date":"2019-12-10T13:47:55","date_gmt":"2019-12-10T12:47:55","guid":{"rendered":"https:\/\/stage.muegge.de\/candidature\/"},"modified":"2023-03-21T12:11:15","modified_gmt":"2023-03-21T11:11:15","slug":"candidature","status":"publish","type":"page","link":"https:\/\/muegge-group.com\/fr\/candidature\/","title":{"rendered":"Candidature"},"content":{"rendered":"\t\t<div data-elementor-type=\"wp-page\" data-elementor-id=\"14650\" class=\"elementor elementor-14650 elementor-2221\" data-elementor-post-type=\"page\">\n\t\t\t\t\t\t<section class=\"elementor-section elementor-top-section elementor-element elementor-element-c38a9d0 elementor-section-height-min-height elementor-section-boxed elementor-section-height-default elementor-section-items-middle\" data-id=\"c38a9d0\" data-element_type=\"section\" data-e-type=\"section\" data-settings=\"{&quot;background_background&quot;:&quot;classic&quot;}\">\n\t\t\t\t\t\t<div class=\"elementor-container elementor-column-gap-default\">\n\t\t\t\t\t<div class=\"elementor-column elementor-col-100 elementor-top-column elementor-element elementor-element-c7c92cf\" data-id=\"c7c92cf\" data-element_type=\"column\" data-e-type=\"column\">\n\t\t\t<div class=\"elementor-widget-wrap elementor-element-populated\">\n\t\t\t\t\t\t<div class=\"elementor-element elementor-element-a98c575 elementor-widget elementor-widget-heading\" data-id=\"a98c575\" data-element_type=\"widget\" data-e-type=\"widget\" data-widget_type=\"heading.base\">\n\t\t\t\t<div class=\"elementor-widget-container\">\n\t\t\t\t\t<h1 class=\"text-white\"><span class=\"text-cyan\">Postulez maintenant<\/span><\/h1>\t\t\t\t<\/div>\n\t\t\t\t<\/div>\n\t\t\t\t<div class=\"elementor-element elementor-element-08d4b8c elementor-widget elementor-widget-heading\" data-id=\"08d4b8c\" data-element_type=\"widget\" data-e-type=\"widget\" data-widget_type=\"heading.base\">\n\t\t\t\t<div class=\"elementor-widget-container\">\n\t\t\t\t\t<span class=\"text-into text-white\">Nous sommes heureux d'apprendre que vous \u00eates int\u00e9ress\u00e9 par un avenir avec MUEGGE et nous attendons vos id\u00e9es avec impatience ! Merci de nous envoyer votre candidature via le formulaire de contact ci-dessous. Vous pouvez t\u00e9l\u00e9charger et joindre votre CV et la lettre de motivation (de pr\u00e9f\u00e9rence au format PDF) et nous vous contacterons prochainement. Merci de patienter.<\/span>\t\t\t\t<\/div>\n\t\t\t\t<\/div>\n\t\t\t\t\t<\/div>\n\t\t<\/div>\n\t\t\t\t\t<\/div>\n\t\t<\/section>\n\t\t\t\t<section class=\"elementor-section elementor-top-section elementor-element elementor-element-9982209 elementor-section-boxed elementor-section-height-default elementor-section-height-default\" data-id=\"9982209\" data-element_type=\"section\" data-e-type=\"section\" data-settings=\"{&quot;background_background&quot;:&quot;classic&quot;}\">\n\t\t\t\t\t\t<div class=\"elementor-container elementor-column-gap-default\">\n\t\t\t\t\t<div class=\"elementor-column elementor-col-100 elementor-top-column elementor-element elementor-element-d2471fb\" data-id=\"d2471fb\" data-element_type=\"column\" data-e-type=\"column\">\n\t\t\t<div class=\"elementor-widget-wrap elementor-element-populated\">\n\t\t\t\t\t\t<div class=\"elementor-element elementor-element-d3138f3 od-contact-form elementor-tablet-button-align-center elementor-mobile-button-align-center elementor-button-align-stretch elementor-widget elementor-widget-form\" data-id=\"d3138f3\" data-element_type=\"widget\" data-e-type=\"widget\" data-settings=\"{&quot;button_width&quot;:&quot;25&quot;,&quot;button_width_tablet&quot;:&quot;100&quot;,&quot;step_next_label&quot;:&quot;N\\u00e4chster&quot;,&quot;step_previous_label&quot;:&quot;Voriger&quot;,&quot;step_type&quot;:&quot;number_text&quot;,&quot;step_icon_shape&quot;:&quot;circle&quot;}\" data-widget_type=\"form.default\">\n\t\t\t\t<div class=\"elementor-widget-container\">\n\t\t\t\t\t\t\t<form class=\"elementor-form\" method=\"post\" name=\"Bewerbung fr\" aria-label=\"Bewerbung fr\">\n\t\t\t<input type=\"hidden\" name=\"post_id\" value=\"14650\"\/>\n\t\t\t<input type=\"hidden\" name=\"form_id\" value=\"d3138f3\"\/>\n\t\t\t<input type=\"hidden\" name=\"referer_title\" value=\"Candidature - Muegge\" \/>\n\n\t\t\t\t\t\t\t<input type=\"hidden\" name=\"queried_id\" value=\"14650\"\/>\n\t\t\t\n\t\t\t<div class=\"elementor-form-fields-wrapper elementor-labels-above\">\n\t\t\t\t\t\t\t\t<div class=\"elementor-field-type-text elementor-field-group elementor-column elementor-field-group-name elementor-col-100 elementor-field-required\">\n\t\t\t\t\t\t\t\t\t\t\t\t<label for=\"form-field-name\" class=\"elementor-field-label\">\n\t\t\t\t\t\t\t\tNom et pr\u00e9nom\t\t\t\t\t\t\t<\/label>\n\t\t\t\t\t\t\t\t\t\t\t\t\t\t<input size=\"1\" type=\"text\" name=\"form_fields[name]\" id=\"form-field-name\" class=\"elementor-field elementor-size-sm  elementor-field-textual\" required=\"required\">\n\t\t\t\t\t\t\t\t\t\t\t<\/div>\n\t\t\t\t\t\t\t\t<div class=\"elementor-field-type-email elementor-field-group elementor-column elementor-field-group-email elementor-col-100 elementor-field-required\">\n\t\t\t\t\t\t\t\t\t\t\t\t<label for=\"form-field-email\" class=\"elementor-field-label\">\n\t\t\t\t\t\t\t\tE-mail\t\t\t\t\t\t\t<\/label>\n\t\t\t\t\t\t\t\t\t\t\t\t\t\t<input size=\"1\" type=\"email\" name=\"form_fields[email]\" id=\"form-field-email\" class=\"elementor-field elementor-size-sm  elementor-field-textual\" required=\"required\">\n\t\t\t\t\t\t\t\t\t\t\t<\/div>\n\t\t\t\t\t\t\t\t<div class=\"elementor-field-type-tel elementor-field-group elementor-column elementor-field-group-field_1 elementor-col-100\">\n\t\t\t\t\t\t\t\t\t\t\t\t<label for=\"form-field-field_1\" class=\"elementor-field-label\">\n\t\t\t\t\t\t\t\tT\u00e9l\u00e9phone\t\t\t\t\t\t\t<\/label>\n\t\t\t\t\t\t\t\t<input size=\"1\" type=\"tel\" name=\"form_fields[field_1]\" id=\"form-field-field_1\" class=\"elementor-field elementor-size-sm  elementor-field-textual\" pattern=\"[0-9()#&amp;+*-=.]+\" title=\"Seuls les caract\u00e8res de num\u00e9ros de t\u00e9l\u00e9phone (#, -, *, etc.) sont accept\u00e9s.\">\n\n\t\t\t\t\t\t<\/div>\n\t\t\t\t\t\t\t\t<div class=\"elementor-field-type-text elementor-field-group elementor-column elementor-field-group-field_2 elementor-col-100\">\n\t\t\t\t\t\t\t\t\t\t\t\t<label for=\"form-field-field_2\" class=\"elementor-field-label\">\n\t\t\t\t\t\t\t\tObjet\t\t\t\t\t\t\t<\/label>\n\t\t\t\t\t\t\t\t\t\t\t\t\t\t<input size=\"1\" type=\"text\" name=\"form_fields[field_2]\" id=\"form-field-field_2\" class=\"elementor-field elementor-size-sm  elementor-field-textual\">\n\t\t\t\t\t\t\t\t\t\t\t<\/div>\n\t\t\t\t\t\t\t\t<div class=\"elementor-field-type-textarea elementor-field-group elementor-column elementor-field-group-message elementor-col-100 elementor-field-required\">\n\t\t\t\t\t\t\t\t\t\t\t\t<label for=\"form-field-message\" class=\"elementor-field-label\">\n\t\t\t\t\t\t\t\tMessage\t\t\t\t\t\t\t<\/label>\n\t\t\t\t\t\t<textarea class=\"elementor-field-textual elementor-field  elementor-size-sm\" name=\"form_fields[message]\" id=\"form-field-message\" rows=\"13\" required=\"required\"><\/textarea>\t\t\t\t<\/div>\n\t\t\t\t\t\t\t\t<div class=\"elementor-field-type-upload elementor-field-group elementor-column elementor-field-group-field_5 elementor-col-100\">\n\t\t\t\t\t\t\t\t\t\t\t\t<label for=\"form-field-field_5\" class=\"elementor-field-label\">\n\t\t\t\t\t\t\t\tT\u00e9l\u00e9chargement du fichier\t\t\t\t\t\t\t<\/label>\n\t\t\t\t\t\t\t\t<input type=\"file\" name=\"form_fields[field_5][]\" id=\"form-field-field_5\" class=\"elementor-field elementor-size-sm  elementor-upload-field\" multiple=\"multiple\" data-maxsize=\"10\" data-maxsize-message=\"Ce fichier d\u00e9passe la taille maximale autoris\u00e9e.\">\n\n\t\t\t\t\t\t<\/div>\n\t\t\t\t\t\t\t\t<div class=\"elementor-field-type-acceptance elementor-field-group elementor-column elementor-field-group-field_3 elementor-col-50 elementor-md-100\">\n\t\t\t\t\t\t\t<div class=\"elementor-field-subgroup\">\n\t\t\t<span class=\"elementor-field-option\">\n\t\t\t\t<input type=\"checkbox\" name=\"form_fields[field_3]\" id=\"form-field-field_3\" class=\"elementor-field elementor-size-sm  elementor-acceptance-field\">\n\t\t\t\t<label for=\"form-field-field_3\">J'ai lu et j'accept\u00e9 <a href=\"https:\/\/muegge-group.com\/datenschutz\/\" style=\"color:#60C6F0\">la politique de confidentialit\u00e9<\/a>. J'accepte que mes donn\u00e9es seront collect\u00e9es et stock\u00e9es pour traiter ma demande.<\/label>\t\t\t<\/span>\n\t\t<\/div>\n\t\t\t\t\t\t<\/div>\n\t\t\t\t\t\t\t\t<div class=\"elementor-field-type-html elementor-field-group elementor-column elementor-field-group-field_4 elementor-col-25 elementor-md-100\">\n\t\t\t\t\t<p><a class=\"d-none od-contact-form__cancel\" href=\".\">Effacer<\/a><\/p>\n\t\t\t\t<\/div>\n\t\t\t\t\t\t\t\t<div class=\"elementor-field-type-recaptcha_v3 elementor-field-group elementor-column elementor-field-group-field_1d9082f elementor-col-100 recaptcha_v3-bottomright\">\n\t\t\t\t\t<div class=\"elementor-field\" id=\"form-field-field_1d9082f\"><div class=\"elementor-g-recaptcha\" data-sitekey=\"6LdnQ0wqAAAAALOU5K_fxVMLTHEzu3ZB6hrnI3jn\" data-type=\"v3\" data-action=\"Form\" data-badge=\"bottomright\" data-size=\"invisible\"><\/div><\/div>\t\t\t\t<\/div>\n\t\t\t\t\t\t\t\t<div class=\"elementor-field-group elementor-column elementor-field-type-submit elementor-col-25 e-form__buttons elementor-md-100\">\n\t\t\t\t\t<button class=\"elementor-button elementor-size-sm\" type=\"submit\">\n\t\t\t\t\t\t<span class=\"elementor-button-content-wrapper\">\n\t\t\t\t\t\t\t\t\t\t\t\t\t\t\t\t\t\t\t\t\t\t<span class=\"elementor-button-text\">Contact<\/span>\n\t\t\t\t\t\t\t\t\t\t\t\t\t<\/span>\n\t\t\t\t\t<\/button>\n\t\t\t\t<\/div>\n\t\t\t<\/div>\n\t\t<\/form>\n\t\t\t\t\t\t<\/div>\n\t\t\t\t<\/div>\n\t\t\t\t\t<\/div>\n\t\t<\/div>\n\t\t\t\t\t<\/div>\n\t\t<\/section>\n\t\t\t\t<\/div>\n\t\t","protected":false},"excerpt":{"rendered":"<p>Postulez maintenant Nous sommes heureux d&#8217;apprendre que vous \u00eates int\u00e9ress\u00e9 par un avenir avec MUEGGE et nous attendons vos id\u00e9es avec impatience ! Merci de nous envoyer votre candidature via le formulaire de contact ci-dessous. Vous pouvez t\u00e9l\u00e9charger et joindre votre CV et la lettre de motivation (de pr\u00e9f\u00e9rence au format PDF) et nous vous [&hellip;]<\/p>\n","protected":false},"author":2,"featured_media":0,"parent":0,"menu_order":0,"comment_status":"closed","ping_status":"closed","template":"","meta":{"_acf_changed":false,"footnotes":""},"class_list":["post-14650","page","type-page","status-publish","hentry"],"acf":[],"yoast_head":"<!-- This site is optimized with the Yoast SEO plugin v27.3 - https:\/\/yoast.com\/product\/yoast-seo-wordpress\/ -->\n<title>Candidature - Muegge<\/title>\n<meta name=\"robots\" content=\"index, follow, max-snippet:-1, max-image-preview:large, max-video-preview:-1\" \/>\n<link rel=\"canonical\" href=\"https:\/\/muegge-group.com\/bewerbung\/\" \/>\n<meta property=\"og:locale\" content=\"fr_FR\" \/>\n<meta property=\"og:type\" content=\"article\" \/>\n<meta property=\"og:title\" content=\"Candidature - Muegge\" \/>\n<meta property=\"og:description\" content=\"Postulez maintenant Nous sommes heureux d&#8217;apprendre que vous \u00eates int\u00e9ress\u00e9 par un avenir avec MUEGGE et nous attendons vos id\u00e9es avec impatience ! Merci de nous envoyer votre candidature via le formulaire de contact ci-dessous. Vous pouvez t\u00e9l\u00e9charger et joindre votre CV et la lettre de motivation (de pr\u00e9f\u00e9rence au format PDF) et nous vous [&hellip;]\" \/>\n<meta property=\"og:url\" content=\"https:\/\/muegge-group.com\/bewerbung\/\" \/>\n<meta property=\"og:site_name\" content=\"Muegge\" \/>\n<meta property=\"article:modified_time\" content=\"2023-03-21T11:11:15+00:00\" \/>\n<meta name=\"twitter:card\" content=\"summary_large_image\" \/>\n<meta name=\"twitter:label1\" content=\"Dur\u00e9e de lecture estim\u00e9e\" \/>\n\t<meta name=\"twitter:data1\" content=\"1 minute\" \/>\n<script type=\"application\/ld+json\" class=\"yoast-schema-graph\">{\"@context\":\"https:\\\/\\\/schema.org\",\"@graph\":[{\"@type\":\"WebPage\",\"@id\":\"https:\\\/\\\/muegge-group.com\\\/bewerbung\\\/\",\"url\":\"https:\\\/\\\/muegge-group.com\\\/bewerbung\\\/\",\"name\":\"Candidature - Muegge\",\"isPartOf\":{\"@id\":\"https:\\\/\\\/muegge-group.com\\\/fr\\\/#website\"},\"datePublished\":\"2019-12-10T12:47:55+00:00\",\"dateModified\":\"2023-03-21T11:11:15+00:00\",\"inLanguage\":\"fr-FR\",\"potentialAction\":[{\"@type\":\"ReadAction\",\"target\":[\"https:\\\/\\\/muegge-group.com\\\/bewerbung\\\/\"]}]},{\"@type\":\"WebSite\",\"@id\":\"https:\\\/\\\/muegge-group.com\\\/fr\\\/#website\",\"url\":\"https:\\\/\\\/muegge-group.com\\\/fr\\\/\",\"name\":\"MUEGGE\",\"description\":\"Ihr Partner f\u00fcr industrielle Mikrowellen\u00ad und Plasmasysteme\",\"publisher\":{\"@id\":\"https:\\\/\\\/muegge-group.com\\\/fr\\\/#organization\"},\"potentialAction\":[{\"@type\":\"SearchAction\",\"target\":{\"@type\":\"EntryPoint\",\"urlTemplate\":\"https:\\\/\\\/muegge-group.com\\\/fr\\\/?s={search_term_string}\"},\"query-input\":{\"@type\":\"PropertyValueSpecification\",\"valueRequired\":true,\"valueName\":\"search_term_string\"}}],\"inLanguage\":\"fr-FR\"},{\"@type\":\"Organization\",\"@id\":\"https:\\\/\\\/muegge-group.com\\\/fr\\\/#organization\",\"name\":\"MUEGGE Group\",\"url\":\"https:\\\/\\\/muegge-group.com\\\/fr\\\/\",\"logo\":{\"@type\":\"ImageObject\",\"inLanguage\":\"fr-FR\",\"@id\":\"https:\\\/\\\/muegge-group.com\\\/fr\\\/#\\\/schema\\\/logo\\\/image\\\/\",\"url\":\"https:\\\/\\\/muegge-group.com\\\/wp-content\\\/uploads\\\/2021\\\/05\\\/muegge-logo.svg\",\"contentUrl\":\"https:\\\/\\\/muegge-group.com\\\/wp-content\\\/uploads\\\/2021\\\/05\\\/muegge-logo.svg\",\"width\":140,\"height\":46,\"caption\":\"MUEGGE Group\"},\"image\":{\"@id\":\"https:\\\/\\\/muegge-group.com\\\/fr\\\/#\\\/schema\\\/logo\\\/image\\\/\"},\"sameAs\":[\"https:\\\/\\\/de.linkedin.com\\\/company\\\/muegge\"]}]}<\/script>\n<!-- \/ Yoast SEO plugin. -->","yoast_head_json":{"title":"Candidature - Muegge","robots":{"index":"index","follow":"follow","max-snippet":"max-snippet:-1","max-image-preview":"max-image-preview:large","max-video-preview":"max-video-preview:-1"},"canonical":"https:\/\/muegge-group.com\/bewerbung\/","og_locale":"fr_FR","og_type":"article","og_title":"Candidature - Muegge","og_description":"Postulez maintenant Nous sommes heureux d&#8217;apprendre que vous \u00eates int\u00e9ress\u00e9 par un avenir avec MUEGGE et nous attendons vos id\u00e9es avec impatience ! Merci de nous envoyer votre candidature via le formulaire de contact ci-dessous. Vous pouvez t\u00e9l\u00e9charger et joindre votre CV et la lettre de motivation (de pr\u00e9f\u00e9rence au format PDF) et nous vous [&hellip;]","og_url":"https:\/\/muegge-group.com\/bewerbung\/","og_site_name":"Muegge","article_modified_time":"2023-03-21T11:11:15+00:00","twitter_card":"summary_large_image","twitter_misc":{"Dur\u00e9e de lecture estim\u00e9e":"1 minute"},"schema":{"@context":"https:\/\/schema.org","@graph":[{"@type":"WebPage","@id":"https:\/\/muegge-group.com\/bewerbung\/","url":"https:\/\/muegge-group.com\/bewerbung\/","name":"Candidature - Muegge","isPartOf":{"@id":"https:\/\/muegge-group.com\/fr\/#website"},"datePublished":"2019-12-10T12:47:55+00:00","dateModified":"2023-03-21T11:11:15+00:00","inLanguage":"fr-FR","potentialAction":[{"@type":"ReadAction","target":["https:\/\/muegge-group.com\/bewerbung\/"]}]},{"@type":"WebSite","@id":"https:\/\/muegge-group.com\/fr\/#website","url":"https:\/\/muegge-group.com\/fr\/","name":"MUEGGE","description":"Ihr Partner f\u00fcr industrielle Mikrowellen\u00ad und Plasmasysteme","publisher":{"@id":"https:\/\/muegge-group.com\/fr\/#organization"},"potentialAction":[{"@type":"SearchAction","target":{"@type":"EntryPoint","urlTemplate":"https:\/\/muegge-group.com\/fr\/?s={search_term_string}"},"query-input":{"@type":"PropertyValueSpecification","valueRequired":true,"valueName":"search_term_string"}}],"inLanguage":"fr-FR"},{"@type":"Organization","@id":"https:\/\/muegge-group.com\/fr\/#organization","name":"MUEGGE Group","url":"https:\/\/muegge-group.com\/fr\/","logo":{"@type":"ImageObject","inLanguage":"fr-FR","@id":"https:\/\/muegge-group.com\/fr\/#\/schema\/logo\/image\/","url":"https:\/\/muegge-group.com\/wp-content\/uploads\/2021\/05\/muegge-logo.svg","contentUrl":"https:\/\/muegge-group.com\/wp-content\/uploads\/2021\/05\/muegge-logo.svg","width":140,"height":46,"caption":"MUEGGE Group"},"image":{"@id":"https:\/\/muegge-group.com\/fr\/#\/schema\/logo\/image\/"},"sameAs":["https:\/\/de.linkedin.com\/company\/muegge"]}]}},"_links":{"self":[{"href":"https:\/\/muegge-group.com\/fr\/wp-json\/wp\/v2\/pages\/14650","targetHints":{"allow":["GET"]}}],"collection":[{"href":"https:\/\/muegge-group.com\/fr\/wp-json\/wp\/v2\/pages"}],"about":[{"href":"https:\/\/muegge-group.com\/fr\/wp-json\/wp\/v2\/types\/page"}],"author":[{"embeddable":true,"href":"https:\/\/muegge-group.com\/fr\/wp-json\/wp\/v2\/users\/2"}],"replies":[{"embeddable":true,"href":"https:\/\/muegge-group.com\/fr\/wp-json\/wp\/v2\/comments?post=14650"}],"version-history":[{"count":0,"href":"https:\/\/muegge-group.com\/fr\/wp-json\/wp\/v2\/pages\/14650\/revisions"}],"wp:attachment":[{"href":"https:\/\/muegge-group.com\/fr\/wp-json\/wp\/v2\/media?parent=14650"}],"curies":[{"name":"wp","href":"https:\/\/api.w.org\/{rel}","templated":true}]}}