{"id":14737,"date":"2019-08-30T14:32:08","date_gmt":"2019-08-30T12:32:08","guid":{"rendered":"https:\/\/stage.muegge.de\/?page_id=14737"},"modified":"2021-02-10T17:38:03","modified_gmt":"2021-02-10T16:38:03","slug":"conditions-dutilisation","status":"publish","type":"page","link":"https:\/\/muegge-group.com\/fr\/conditions-dutilisation\/","title":{"rendered":"conditions-d&#8217;utilisation"},"content":{"rendered":"\t\t<div data-elementor-type=\"wp-page\" data-elementor-id=\"14737\" class=\"elementor elementor-14737 elementor-128\" data-elementor-post-type=\"page\">\n\t\t\t\t\t\t<section class=\"elementor-section elementor-top-section elementor-element elementor-element-430db8d elementor-section-height-min-height elementor-section-boxed elementor-section-height-default elementor-section-items-middle\" data-id=\"430db8d\" data-element_type=\"section\" data-e-type=\"section\" data-settings=\"{&quot;background_background&quot;:&quot;classic&quot;}\">\n\t\t\t\t\t\t<div class=\"elementor-container elementor-column-gap-default\">\n\t\t\t\t\t<div class=\"elementor-column elementor-col-100 elementor-top-column elementor-element elementor-element-1371c4b\" data-id=\"1371c4b\" data-element_type=\"column\" data-e-type=\"column\">\n\t\t\t<div class=\"elementor-widget-wrap elementor-element-populated\">\n\t\t\t\t\t\t<div class=\"elementor-element elementor-element-4bee2e3 elementor-widget elementor-widget-heading\" data-id=\"4bee2e3\" data-element_type=\"widget\" data-e-type=\"widget\" data-widget_type=\"heading.base\">\n\t\t\t\t<div class=\"elementor-widget-container\">\n\t\t\t\t\t<h1 class=\"text-white\"><span class=\"text-cyan\">Conditions d'utilisation<\/span><\/h1>\t\t\t\t<\/div>\n\t\t\t\t<\/div>\n\t\t\t\t\t<\/div>\n\t\t<\/div>\n\t\t\t\t\t<\/div>\n\t\t<\/section>\n\t\t\t\t<section class=\"elementor-section elementor-top-section elementor-element elementor-element-6eec278 elementor-section-boxed elementor-section-height-default elementor-section-height-default\" data-id=\"6eec278\" data-element_type=\"section\" data-e-type=\"section\">\n\t\t\t\t\t\t<div class=\"elementor-container elementor-column-gap-default\">\n\t\t\t\t\t<div class=\"elementor-column elementor-col-100 elementor-top-column elementor-element elementor-element-182efb2\" data-id=\"182efb2\" data-element_type=\"column\" data-e-type=\"column\">\n\t\t\t<div class=\"elementor-widget-wrap elementor-element-populated\">\n\t\t\t\t\t\t<div class=\"elementor-element elementor-element-e52d8f2 elementor-widget elementor-widget-spacer\" data-id=\"e52d8f2\" data-element_type=\"widget\" data-e-type=\"widget\" data-widget_type=\"spacer.default\">\n\t\t\t\t<div class=\"elementor-widget-container\">\n\t\t\t\t\t\t\t<div class=\"elementor-spacer\">\n\t\t\t<div class=\"elementor-spacer-inner\"><\/div>\n\t\t<\/div>\n\t\t\t\t\t\t<\/div>\n\t\t\t\t<\/div>\n\t\t\t\t<div class=\"elementor-element elementor-element-6ae5971 elementor-widget elementor-widget-text-editor\" data-id=\"6ae5971\" data-element_type=\"widget\" data-e-type=\"widget\" data-widget_type=\"text-editor.default\">\n\t\t\t\t<div class=\"elementor-widget-container\">\n\t\t\t\t\t\t\t\t\t<div id=\"nutzungsbedingungen_content\" class=\"csc-header csc-header-n1\"><h1 class=\" csc-firstHeader\"><span style=\"font-size: 16px;\">(En d\u00e9cembre 2015)<\/span><\/h1><\/div><div class=\"content_text text\"><p class=\"bodytext\">1. Ce site internet est soumis aux conditions d&#8217;utilisation suivantes qui, aux fins de la relation entre l&#8217;utilisateur et le fournisseur de services (MUEGGE), sont r\u00e9put\u00e9es convenues et contraignantes chaque fois que ce site internet est utilis\u00e9. Chaque fois que des conditions d&#8217;utilisation sp\u00e9ciales autres que celles d\u00e9crites ci-dessous s&#8217;appliquent \u00e0 certaines utilisations sp\u00e9cifiques du site internet, cela sera explicitement indiqu\u00e9 sur la page correspondante du site internet. Dans de tels cas, les conditions d&#8217;utilisation particuli\u00e8res s&#8217;appliquent en plus des conditions d&#8217;utilisation suivantes.<\/p><p class=\"bodytext\">2. Ce site internet contient des donn\u00e9es et des informations de divers types qui sont soumises \u00e0 la protection des marques et \/ ou des droits d&#8217;auteur, soit pour le nom de MUEGGE, soit dans des cas individuels pour le nom de tiers. Par cons\u00e9quent, le t\u00e9l\u00e9chargement, la reproduction ou la distribution du site internet, en partie ou en totalit\u00e9, est interdit. La copie techniquement n\u00e9cessaire \u00e0 des fins de navigation est autoris\u00e9e dans la mesure o\u00f9 elle n&#8217;est pas effectu\u00e9e \u00e0 des fins commerciales. La copie permanente est \u00e9galement autoris\u00e9e pour un usage priv\u00e9.<\/p><p class=\"bodytext\">3. Un lien peut \u00eatre fait vers ce site Web dans la mesure o\u00f9 il est uniquement \u00e0 des fins de r\u00e9f\u00e9rence. MUEGGE se r\u00e9serve le droit de retirer cette autorisation. Tout encadrement (framing) de ce site est interdit.<\/p><p class=\"bodytext\">4. Conform\u00e9ment aux dispositions l\u00e9gales, MUEGGE assume la responsabilit\u00e9 du contenu de son site Internet. Aucune garantie n&#8217;est donn\u00e9e pour l&#8217;exactitude et l&#8217;exhaustivit\u00e9 des informations contenues dans le site internet. Les r\u00e9f\u00e9rences et les liens vers les sites internet d&#8217;autres parties ne signifient pas que les contenus r\u00e9f\u00e9renc\u00e9s ou li\u00e9s refl\u00e8tent les propres opinions de MUEGGE. Le contenu n&#8217;entra\u00eene aucune responsabilit\u00e9 de la part de MUEGGE pour les donn\u00e9es et informations contenues dans ces sites. MUEGGE n&#8217;a aucune influence sur les contenus li\u00e9s. MUEGGE n&#8217;est donc pas responsable des contenus ill\u00e9gaux, erron\u00e9s ou incomplets et des dommages caus\u00e9s par l&#8217;utilisation des contenus li\u00e9s.<\/p><p class=\"bodytext\">5. L&#8217;utilisation d&#8217;Internet se fait aux risques et p\u00e9rils de l&#8217;utilisateur. MUEGGE n&#8217;est pas responsable des pannes Internet ou de la perte d&#8217;acc\u00e8s pour des raisons techniques.<\/p><p class=\"bodytext\">6. Si l&#8217;utilisateur est un commer\u00e7ant, une personne morale de droit public ou une fiducie ou un fonds sp\u00e9cial de droit public, la juridiction comp\u00e9tente pour tous les litiges r\u00e9sultant des pr\u00e9sentes conditions d&#8217;utilisation est le si\u00e8ge social de MUEGGE. La loi allemande s&#8217;applique \u00e0 l&#8217;exclusion de la Convention des Nations Unies sur les contrats de vente internationale de marchandises (Convention des Nations Unies \/ CISG).<\/p><p class=\"bodytext\">7. MUEGGE se r\u00e9serve le droit de modifier les pr\u00e9sentes conditions d&#8217;utilisation de temps en temps en fonction des \u00e9volutions techniques et juridiques. Les utilisateurs seront inform\u00e9s des modifications s\u00e9par\u00e9ment. Si certaines dispositions de ces conditions d&#8217;utilisation sont invalides, la validit\u00e9 des autres dispositions ne sera pas affect\u00e9e.<\/p><\/div>\t\t\t\t\t\t\t\t<\/div>\n\t\t\t\t<\/div>\n\t\t\t\t<div class=\"elementor-element elementor-element-dd26862 elementor-widget elementor-widget-spacer\" data-id=\"dd26862\" data-element_type=\"widget\" data-e-type=\"widget\" data-widget_type=\"spacer.default\">\n\t\t\t\t<div class=\"elementor-widget-container\">\n\t\t\t\t\t\t\t<div class=\"elementor-spacer\">\n\t\t\t<div class=\"elementor-spacer-inner\"><\/div>\n\t\t<\/div>\n\t\t\t\t\t\t<\/div>\n\t\t\t\t<\/div>\n\t\t\t\t\t<\/div>\n\t\t<\/div>\n\t\t\t\t\t<\/div>\n\t\t<\/section>\n\t\t\t\t<\/div>\n\t\t","protected":false},"excerpt":{"rendered":"<p>Conditions d&#8217;utilisation (En d\u00e9cembre 2015) 1. Ce site internet est soumis aux conditions d&#8217;utilisation suivantes qui, aux fins de la relation entre l&#8217;utilisateur et le fournisseur de services (MUEGGE), sont r\u00e9put\u00e9es convenues et contraignantes chaque fois que ce site internet est utilis\u00e9. Chaque fois que des conditions d&#8217;utilisation sp\u00e9ciales autres que celles d\u00e9crites ci-dessous s&#8217;appliquent [&hellip;]<\/p>\n","protected":false},"author":3,"featured_media":0,"parent":0,"menu_order":0,"comment_status":"closed","ping_status":"closed","template":"","meta":{"_acf_changed":false,"footnotes":""},"class_list":["post-14737","page","type-page","status-publish","hentry"],"acf":[],"yoast_head":"<!-- This site is optimized with the Yoast SEO plugin v27.3 - https:\/\/yoast.com\/product\/yoast-seo-wordpress\/ -->\n<title>conditions-d&#039;utilisation - Muegge<\/title>\n<meta name=\"robots\" content=\"index, follow, max-snippet:-1, max-image-preview:large, max-video-preview:-1\" \/>\n<link rel=\"canonical\" href=\"https:\/\/muegge-group.com\/fr\/conditions-dutilisation\/\" \/>\n<meta property=\"og:locale\" content=\"fr_FR\" \/>\n<meta property=\"og:type\" content=\"article\" \/>\n<meta property=\"og:title\" content=\"conditions-d&#039;utilisation - Muegge\" \/>\n<meta property=\"og:description\" content=\"Conditions d&#8217;utilisation (En d\u00e9cembre 2015) 1. Ce site internet est soumis aux conditions d&#8217;utilisation suivantes qui, aux fins de la relation entre l&#8217;utilisateur et le fournisseur de services (MUEGGE), sont r\u00e9put\u00e9es convenues et contraignantes chaque fois que ce site internet est utilis\u00e9. Chaque fois que des conditions d&#8217;utilisation sp\u00e9ciales autres que celles d\u00e9crites ci-dessous s&#8217;appliquent [&hellip;]\" \/>\n<meta property=\"og:url\" content=\"https:\/\/muegge-group.com\/fr\/conditions-dutilisation\/\" \/>\n<meta property=\"og:site_name\" content=\"Muegge\" \/>\n<meta property=\"article:modified_time\" content=\"2021-02-10T16:38:03+00:00\" \/>\n<meta name=\"twitter:card\" content=\"summary_large_image\" \/>\n<meta name=\"twitter:label1\" content=\"Dur\u00e9e de lecture estim\u00e9e\" \/>\n\t<meta name=\"twitter:data1\" content=\"3 minutes\" \/>\n<script type=\"application\/ld+json\" class=\"yoast-schema-graph\">{\"@context\":\"https:\\\/\\\/schema.org\",\"@graph\":[{\"@type\":\"WebPage\",\"@id\":\"https:\\\/\\\/muegge-group.com\\\/fr\\\/conditions-dutilisation\\\/\",\"url\":\"https:\\\/\\\/muegge-group.com\\\/fr\\\/conditions-dutilisation\\\/\",\"name\":\"conditions-d'utilisation - Muegge\",\"isPartOf\":{\"@id\":\"https:\\\/\\\/muegge-group.com\\\/fr\\\/#website\"},\"datePublished\":\"2019-08-30T12:32:08+00:00\",\"dateModified\":\"2021-02-10T16:38:03+00:00\",\"inLanguage\":\"fr-FR\",\"potentialAction\":[{\"@type\":\"ReadAction\",\"target\":[\"https:\\\/\\\/muegge-group.com\\\/fr\\\/conditions-dutilisation\\\/\"]}]},{\"@type\":\"WebSite\",\"@id\":\"https:\\\/\\\/muegge-group.com\\\/fr\\\/#website\",\"url\":\"https:\\\/\\\/muegge-group.com\\\/fr\\\/\",\"name\":\"MUEGGE\",\"description\":\"Ihr Partner f\u00fcr industrielle Mikrowellen\u00ad und Plasmasysteme\",\"publisher\":{\"@id\":\"https:\\\/\\\/muegge-group.com\\\/fr\\\/#organization\"},\"potentialAction\":[{\"@type\":\"SearchAction\",\"target\":{\"@type\":\"EntryPoint\",\"urlTemplate\":\"https:\\\/\\\/muegge-group.com\\\/fr\\\/?s={search_term_string}\"},\"query-input\":{\"@type\":\"PropertyValueSpecification\",\"valueRequired\":true,\"valueName\":\"search_term_string\"}}],\"inLanguage\":\"fr-FR\"},{\"@type\":\"Organization\",\"@id\":\"https:\\\/\\\/muegge-group.com\\\/fr\\\/#organization\",\"name\":\"MUEGGE Group\",\"url\":\"https:\\\/\\\/muegge-group.com\\\/fr\\\/\",\"logo\":{\"@type\":\"ImageObject\",\"inLanguage\":\"fr-FR\",\"@id\":\"https:\\\/\\\/muegge-group.com\\\/fr\\\/#\\\/schema\\\/logo\\\/image\\\/\",\"url\":\"https:\\\/\\\/muegge-group.com\\\/wp-content\\\/uploads\\\/2021\\\/05\\\/muegge-logo.svg\",\"contentUrl\":\"https:\\\/\\\/muegge-group.com\\\/wp-content\\\/uploads\\\/2021\\\/05\\\/muegge-logo.svg\",\"width\":140,\"height\":46,\"caption\":\"MUEGGE Group\"},\"image\":{\"@id\":\"https:\\\/\\\/muegge-group.com\\\/fr\\\/#\\\/schema\\\/logo\\\/image\\\/\"},\"sameAs\":[\"https:\\\/\\\/de.linkedin.com\\\/company\\\/muegge\"]}]}<\/script>\n<!-- \/ Yoast SEO plugin. -->","yoast_head_json":{"title":"conditions-d'utilisation - Muegge","robots":{"index":"index","follow":"follow","max-snippet":"max-snippet:-1","max-image-preview":"max-image-preview:large","max-video-preview":"max-video-preview:-1"},"canonical":"https:\/\/muegge-group.com\/fr\/conditions-dutilisation\/","og_locale":"fr_FR","og_type":"article","og_title":"conditions-d'utilisation - Muegge","og_description":"Conditions d&#8217;utilisation (En d\u00e9cembre 2015) 1. Ce site internet est soumis aux conditions d&#8217;utilisation suivantes qui, aux fins de la relation entre l&#8217;utilisateur et le fournisseur de services (MUEGGE), sont r\u00e9put\u00e9es convenues et contraignantes chaque fois que ce site internet est utilis\u00e9. Chaque fois que des conditions d&#8217;utilisation sp\u00e9ciales autres que celles d\u00e9crites ci-dessous s&#8217;appliquent [&hellip;]","og_url":"https:\/\/muegge-group.com\/fr\/conditions-dutilisation\/","og_site_name":"Muegge","article_modified_time":"2021-02-10T16:38:03+00:00","twitter_card":"summary_large_image","twitter_misc":{"Dur\u00e9e de lecture estim\u00e9e":"3 minutes"},"schema":{"@context":"https:\/\/schema.org","@graph":[{"@type":"WebPage","@id":"https:\/\/muegge-group.com\/fr\/conditions-dutilisation\/","url":"https:\/\/muegge-group.com\/fr\/conditions-dutilisation\/","name":"conditions-d'utilisation - Muegge","isPartOf":{"@id":"https:\/\/muegge-group.com\/fr\/#website"},"datePublished":"2019-08-30T12:32:08+00:00","dateModified":"2021-02-10T16:38:03+00:00","inLanguage":"fr-FR","potentialAction":[{"@type":"ReadAction","target":["https:\/\/muegge-group.com\/fr\/conditions-dutilisation\/"]}]},{"@type":"WebSite","@id":"https:\/\/muegge-group.com\/fr\/#website","url":"https:\/\/muegge-group.com\/fr\/","name":"MUEGGE","description":"Ihr Partner f\u00fcr industrielle Mikrowellen\u00ad und Plasmasysteme","publisher":{"@id":"https:\/\/muegge-group.com\/fr\/#organization"},"potentialAction":[{"@type":"SearchAction","target":{"@type":"EntryPoint","urlTemplate":"https:\/\/muegge-group.com\/fr\/?s={search_term_string}"},"query-input":{"@type":"PropertyValueSpecification","valueRequired":true,"valueName":"search_term_string"}}],"inLanguage":"fr-FR"},{"@type":"Organization","@id":"https:\/\/muegge-group.com\/fr\/#organization","name":"MUEGGE Group","url":"https:\/\/muegge-group.com\/fr\/","logo":{"@type":"ImageObject","inLanguage":"fr-FR","@id":"https:\/\/muegge-group.com\/fr\/#\/schema\/logo\/image\/","url":"https:\/\/muegge-group.com\/wp-content\/uploads\/2021\/05\/muegge-logo.svg","contentUrl":"https:\/\/muegge-group.com\/wp-content\/uploads\/2021\/05\/muegge-logo.svg","width":140,"height":46,"caption":"MUEGGE Group"},"image":{"@id":"https:\/\/muegge-group.com\/fr\/#\/schema\/logo\/image\/"},"sameAs":["https:\/\/de.linkedin.com\/company\/muegge"]}]}},"_links":{"self":[{"href":"https:\/\/muegge-group.com\/fr\/wp-json\/wp\/v2\/pages\/14737","targetHints":{"allow":["GET"]}}],"collection":[{"href":"https:\/\/muegge-group.com\/fr\/wp-json\/wp\/v2\/pages"}],"about":[{"href":"https:\/\/muegge-group.com\/fr\/wp-json\/wp\/v2\/types\/page"}],"author":[{"embeddable":true,"href":"https:\/\/muegge-group.com\/fr\/wp-json\/wp\/v2\/users\/3"}],"replies":[{"embeddable":true,"href":"https:\/\/muegge-group.com\/fr\/wp-json\/wp\/v2\/comments?post=14737"}],"version-history":[{"count":0,"href":"https:\/\/muegge-group.com\/fr\/wp-json\/wp\/v2\/pages\/14737\/revisions"}],"wp:attachment":[{"href":"https:\/\/muegge-group.com\/fr\/wp-json\/wp\/v2\/media?parent=14737"}],"curies":[{"name":"wp","href":"https:\/\/api.w.org\/{rel}","templated":true}]}}