{"id":17088,"date":"2026-03-24T03:21:18","date_gmt":"2026-03-24T02:21:18","guid":{"rendered":"https:\/\/stage.muegge.de\/produkt\/generateur-a-decoupage-mg030kg-511ke\/"},"modified":"2020-09-29T10:31:15","modified_gmt":"2020-09-29T08:31:15","slug":"generateur-a-decoupage-mg030kg-511ke","status":"publish","type":"product","link":"https:\/\/muegge-group.com\/fr\/produit\/generateur-a-decoupage-mg030kg-511ke\/","title":{"rendered":"G\u00e9n\u00e9rateur (\u00e0 decoupage) &#8211; MG030KG-511KE"},"content":{"rendered":"","protected":false},"excerpt":{"rendered":"","protected":false},"featured_media":10616,"comment_status":"closed","ping_status":"open","template":"","meta":{"_acf_changed":false},"product_brand":[],"product_cat":[4443],"product_tag":[],"class_list":{"0":"post-17088","1":"product","2":"type-product","3":"status-publish","4":"has-post-thumbnail","6":"product_cat-generateurs-micro-ondes","7":"pa_art-generateur","8":"pa_auskoppelart-guide-donde","9":"pa_auskoppelgroesse-wr-975-fr","10":"pa_breite-1206-4748-fr","11":"pa_frequenz-mhz-915-fr","12":"pa_frontplatte-hmi-1150-fr","13":"pa_hoehe-2160-8504-fr","14":"pa_isolator-non","15":"pa_kuehlung-refroidi-a-eau-a-air","16":"pa_kundenschnittstelle-panneau-de-configuration","17":"pa_kundenschnittstelle-2-ethercat-fr","18":"pa_kundenschnittstelle-3-a-d-fr","19":"pa_kundenschnittstelle-4-1136-fr","20":"pa_kundenschnittstelle-5-1137-fr","21":"pa_leistung-w-30000-fr","22":"pa_mw-leistung-puls-maximal-w-1131-fr","23":"pa_netzanschluss-3-l1-l2-l3-pe-fr","24":"pa_netzanschluss-steuerkreis-1127-fr","25":"pa_netzfrequenz-hz-50-60-fr","26":"pa_netzspannung-steuerkreis-v-1128-fr","27":"pa_netzspannung-v-480-fr","28":"pa_netzteiltechnik-a-decoupage","29":"pa_schutzklasse-ip54-fr","30":"pa_tiefe-805-3169-fr","32":"first","33":"instock","34":"product-type-simple"},"acf":[],"yoast_head":"<!-- This site is optimized with the Yoast SEO plugin v27.3 - https:\/\/yoast.com\/product\/yoast-seo-wordpress\/ -->\n<title>G\u00e9n\u00e9rateur (\u00e0 decoupage) - MG030KG-511KE - Muegge<\/title>\n<meta name=\"robots\" content=\"index, follow, max-snippet:-1, max-image-preview:large, max-video-preview:-1\" \/>\n<link rel=\"canonical\" href=\"https:\/\/muegge-group.com\/fr\/produit\/generateur-a-decoupage-mg030kg-511ke\/\" \/>\n<meta property=\"og:locale\" content=\"fr_FR\" \/>\n<meta property=\"og:type\" content=\"article\" \/>\n<meta property=\"og:title\" content=\"G\u00e9n\u00e9rateur (\u00e0 decoupage) - MG030KG-511KE - Muegge\" \/>\n<meta property=\"og:url\" content=\"https:\/\/muegge-group.com\/fr\/produit\/generateur-a-decoupage-mg030kg-511ke\/\" \/>\n<meta property=\"og:site_name\" content=\"Muegge\" \/>\n<meta property=\"og:image\" content=\"https:\/\/muegge-group.com\/wp-content\/uploads\/2020\/09\/WP_MG050KG-511KE_Web-1.jpg\" \/>\n\t<meta property=\"og:image:width\" content=\"606\" \/>\n\t<meta property=\"og:image:height\" content=\"906\" \/>\n\t<meta property=\"og:image:type\" content=\"image\/jpeg\" \/>\n<meta name=\"twitter:card\" content=\"summary_large_image\" \/>\n<script type=\"application\/ld+json\" class=\"yoast-schema-graph\">{\"@context\":\"https:\\\/\\\/schema.org\",\"@graph\":[{\"@type\":\"WebPage\",\"@id\":\"https:\\\/\\\/muegge-group.com\\\/fr\\\/produit\\\/generateur-a-decoupage-mg030kg-511ke\\\/\",\"url\":\"https:\\\/\\\/muegge-group.com\\\/fr\\\/produit\\\/generateur-a-decoupage-mg030kg-511ke\\\/\",\"name\":\"G\u00e9n\u00e9rateur (\u00e0 decoupage) - MG030KG-511KE - Muegge\",\"isPartOf\":{\"@id\":\"https:\\\/\\\/muegge-group.com\\\/fr\\\/#website\"},\"primaryImageOfPage\":{\"@id\":\"https:\\\/\\\/muegge-group.com\\\/fr\\\/produit\\\/generateur-a-decoupage-mg030kg-511ke\\\/#primaryimage\"},\"image\":{\"@id\":\"https:\\\/\\\/muegge-group.com\\\/fr\\\/produit\\\/generateur-a-decoupage-mg030kg-511ke\\\/#primaryimage\"},\"thumbnailUrl\":\"https:\\\/\\\/muegge-group.com\\\/wp-content\\\/uploads\\\/2020\\\/09\\\/WP_MG050KG-511KE_Web-1.jpg\",\"datePublished\":\"2026-03-24T02:21:18+00:00\",\"inLanguage\":\"fr-FR\",\"potentialAction\":[{\"@type\":\"ReadAction\",\"target\":[\"https:\\\/\\\/muegge-group.com\\\/fr\\\/produit\\\/generateur-a-decoupage-mg030kg-511ke\\\/\"]}]},{\"@type\":\"ImageObject\",\"inLanguage\":\"fr-FR\",\"@id\":\"https:\\\/\\\/muegge-group.com\\\/fr\\\/produit\\\/generateur-a-decoupage-mg030kg-511ke\\\/#primaryimage\",\"url\":\"https:\\\/\\\/muegge-group.com\\\/wp-content\\\/uploads\\\/2020\\\/09\\\/WP_MG050KG-511KE_Web-1.jpg\",\"contentUrl\":\"https:\\\/\\\/muegge-group.com\\\/wp-content\\\/uploads\\\/2020\\\/09\\\/WP_MG050KG-511KE_Web-1.jpg\",\"width\":606,\"height\":906},{\"@type\":\"WebSite\",\"@id\":\"https:\\\/\\\/muegge-group.com\\\/fr\\\/#website\",\"url\":\"https:\\\/\\\/muegge-group.com\\\/fr\\\/\",\"name\":\"MUEGGE\",\"description\":\"Ihr Partner f\u00fcr industrielle Mikrowellen\u00ad und Plasmasysteme\",\"publisher\":{\"@id\":\"https:\\\/\\\/muegge-group.com\\\/fr\\\/#organization\"},\"potentialAction\":[{\"@type\":\"SearchAction\",\"target\":{\"@type\":\"EntryPoint\",\"urlTemplate\":\"https:\\\/\\\/muegge-group.com\\\/fr\\\/?s={search_term_string}\"},\"query-input\":{\"@type\":\"PropertyValueSpecification\",\"valueRequired\":true,\"valueName\":\"search_term_string\"}}],\"inLanguage\":\"fr-FR\"},{\"@type\":\"Organization\",\"@id\":\"https:\\\/\\\/muegge-group.com\\\/fr\\\/#organization\",\"name\":\"MUEGGE Group\",\"url\":\"https:\\\/\\\/muegge-group.com\\\/fr\\\/\",\"logo\":{\"@type\":\"ImageObject\",\"inLanguage\":\"fr-FR\",\"@id\":\"https:\\\/\\\/muegge-group.com\\\/fr\\\/#\\\/schema\\\/logo\\\/image\\\/\",\"url\":\"https:\\\/\\\/muegge-group.com\\\/wp-content\\\/uploads\\\/2021\\\/05\\\/muegge-logo.svg\",\"contentUrl\":\"https:\\\/\\\/muegge-group.com\\\/wp-content\\\/uploads\\\/2021\\\/05\\\/muegge-logo.svg\",\"width\":140,\"height\":46,\"caption\":\"MUEGGE Group\"},\"image\":{\"@id\":\"https:\\\/\\\/muegge-group.com\\\/fr\\\/#\\\/schema\\\/logo\\\/image\\\/\"},\"sameAs\":[\"https:\\\/\\\/de.linkedin.com\\\/company\\\/muegge\"]}]}<\/script>\n<!-- \/ Yoast SEO plugin. -->","yoast_head_json":{"title":"G\u00e9n\u00e9rateur (\u00e0 decoupage) - MG030KG-511KE - Muegge","robots":{"index":"index","follow":"follow","max-snippet":"max-snippet:-1","max-image-preview":"max-image-preview:large","max-video-preview":"max-video-preview:-1"},"canonical":"https:\/\/muegge-group.com\/fr\/produit\/generateur-a-decoupage-mg030kg-511ke\/","og_locale":"fr_FR","og_type":"article","og_title":"G\u00e9n\u00e9rateur (\u00e0 decoupage) - MG030KG-511KE - Muegge","og_url":"https:\/\/muegge-group.com\/fr\/produit\/generateur-a-decoupage-mg030kg-511ke\/","og_site_name":"Muegge","og_image":[{"width":606,"height":906,"url":"https:\/\/muegge-group.com\/wp-content\/uploads\/2020\/09\/WP_MG050KG-511KE_Web-1.jpg","type":"image\/jpeg"}],"twitter_card":"summary_large_image","schema":{"@context":"https:\/\/schema.org","@graph":[{"@type":"WebPage","@id":"https:\/\/muegge-group.com\/fr\/produit\/generateur-a-decoupage-mg030kg-511ke\/","url":"https:\/\/muegge-group.com\/fr\/produit\/generateur-a-decoupage-mg030kg-511ke\/","name":"G\u00e9n\u00e9rateur (\u00e0 decoupage) - MG030KG-511KE - Muegge","isPartOf":{"@id":"https:\/\/muegge-group.com\/fr\/#website"},"primaryImageOfPage":{"@id":"https:\/\/muegge-group.com\/fr\/produit\/generateur-a-decoupage-mg030kg-511ke\/#primaryimage"},"image":{"@id":"https:\/\/muegge-group.com\/fr\/produit\/generateur-a-decoupage-mg030kg-511ke\/#primaryimage"},"thumbnailUrl":"https:\/\/muegge-group.com\/wp-content\/uploads\/2020\/09\/WP_MG050KG-511KE_Web-1.jpg","datePublished":"2026-03-24T02:21:18+00:00","inLanguage":"fr-FR","potentialAction":[{"@type":"ReadAction","target":["https:\/\/muegge-group.com\/fr\/produit\/generateur-a-decoupage-mg030kg-511ke\/"]}]},{"@type":"ImageObject","inLanguage":"fr-FR","@id":"https:\/\/muegge-group.com\/fr\/produit\/generateur-a-decoupage-mg030kg-511ke\/#primaryimage","url":"https:\/\/muegge-group.com\/wp-content\/uploads\/2020\/09\/WP_MG050KG-511KE_Web-1.jpg","contentUrl":"https:\/\/muegge-group.com\/wp-content\/uploads\/2020\/09\/WP_MG050KG-511KE_Web-1.jpg","width":606,"height":906},{"@type":"WebSite","@id":"https:\/\/muegge-group.com\/fr\/#website","url":"https:\/\/muegge-group.com\/fr\/","name":"MUEGGE","description":"Ihr Partner f\u00fcr industrielle Mikrowellen\u00ad und Plasmasysteme","publisher":{"@id":"https:\/\/muegge-group.com\/fr\/#organization"},"potentialAction":[{"@type":"SearchAction","target":{"@type":"EntryPoint","urlTemplate":"https:\/\/muegge-group.com\/fr\/?s={search_term_string}"},"query-input":{"@type":"PropertyValueSpecification","valueRequired":true,"valueName":"search_term_string"}}],"inLanguage":"fr-FR"},{"@type":"Organization","@id":"https:\/\/muegge-group.com\/fr\/#organization","name":"MUEGGE Group","url":"https:\/\/muegge-group.com\/fr\/","logo":{"@type":"ImageObject","inLanguage":"fr-FR","@id":"https:\/\/muegge-group.com\/fr\/#\/schema\/logo\/image\/","url":"https:\/\/muegge-group.com\/wp-content\/uploads\/2021\/05\/muegge-logo.svg","contentUrl":"https:\/\/muegge-group.com\/wp-content\/uploads\/2021\/05\/muegge-logo.svg","width":140,"height":46,"caption":"MUEGGE Group"},"image":{"@id":"https:\/\/muegge-group.com\/fr\/#\/schema\/logo\/image\/"},"sameAs":["https:\/\/de.linkedin.com\/company\/muegge"]}]}},"_links":{"self":[{"href":"https:\/\/muegge-group.com\/fr\/wp-json\/wp\/v2\/product\/17088","targetHints":{"allow":["GET"]}}],"collection":[{"href":"https:\/\/muegge-group.com\/fr\/wp-json\/wp\/v2\/product"}],"about":[{"href":"https:\/\/muegge-group.com\/fr\/wp-json\/wp\/v2\/types\/product"}],"replies":[{"embeddable":true,"href":"https:\/\/muegge-group.com\/fr\/wp-json\/wp\/v2\/comments?post=17088"}],"wp:featuredmedia":[{"embeddable":true,"href":"https:\/\/muegge-group.com\/fr\/wp-json\/wp\/v2\/media\/10616"}],"wp:attachment":[{"href":"https:\/\/muegge-group.com\/fr\/wp-json\/wp\/v2\/media?parent=17088"}],"wp:term":[{"taxonomy":"product_brand","embeddable":true,"href":"https:\/\/muegge-group.com\/fr\/wp-json\/wp\/v2\/product_brand?post=17088"},{"taxonomy":"product_cat","embeddable":true,"href":"https:\/\/muegge-group.com\/fr\/wp-json\/wp\/v2\/product_cat?post=17088"},{"taxonomy":"product_tag","embeddable":true,"href":"https:\/\/muegge-group.com\/fr\/wp-json\/wp\/v2\/product_tag?post=17088"}],"curies":[{"name":"wp","href":"https:\/\/api.w.org\/{rel}","templated":true}]}}